{"id":91,"date":"2020-09-02T20:22:11","date_gmt":"2020-09-02T20:22:11","guid":{"rendered":"https:\/\/elreydeloslcd.com\/2020\/?page_id=91"},"modified":"2020-09-04T02:23:32","modified_gmt":"2020-09-04T02:23:32","slug":"inicio","status":"publish","type":"page","link":"https:\/\/reydeloslcd.com\/2020\/","title":{"rendered":"Inicio"},"content":{"rendered":"<div id=\"pl-91\"  class=\"panel-layout\" ><div id=\"pg-91-0\"  class=\"panel-grid panel-has-style\" ><div class=\"siteorigin-panels-stretch panel-row-style-full-width panel-row-style panel-row-style-for-91-0\" style=\"background-color: #00395f; \" data-stretch-type=\"full\" ><div id=\"pgc-91-0-0\"  class=\"panel-grid-cell\" ><div id=\"panel-91-0-0-0\" class=\"so-panel widget widget_sow-headline panel-first-child panel-last-child\" data-index=\"0\" ><div class=\"panel-widget-style panel-widget-style-for-91-0-0-0\" ><div class=\"so-widget-sow-headline so-widget-sow-headline-default-df3fbdf88720-91\"><div class=\"sow-headline-container \">\n\t<h1 class='sow-headline'>Servicio T\u00e9cnico LCD, LED, Plasma Proyectores, TV, Filmadoras, Monitores LCD \/ LED<\/h1><\/div><\/div><\/div><\/div><\/div><\/div><\/div><div id=\"pg-91-1\"  class=\"panel-grid panel-has-style\" ><div class=\"siteorigin-panels-stretch panel-row-style-full-width panel-row-style panel-row-style-for-91-1\" style=\"background-color: #00395f; \" data-stretch-type=\"full\" ><div id=\"pgc-91-1-0\"  class=\"panel-grid-cell\" ><div id=\"panel-91-1-0-0\" class=\"so-panel widget widget_sow-editor panel-first-child panel-last-child\" data-index=\"1\" ><div class=\"panel-widget-style panel-widget-style-for-91-1-0-0\" ><div class=\"so-widget-sow-editor so-widget-sow-editor-base\">\n<div class=\"siteorigin-widget-tinymce textwidget\">\n\t<h2 style=\"text-align: right;\"><span style=\"color: #a7cde3; font-family: Merriweather; font-size: 24pt; line-height:34px;\">Venta al gremio.<\/span><br \/>\n<span style=\"color: #a7cde3; font-family: Merriweather; font-size: 24pt; line-height:34px;\">Placas LCD.<\/span><\/h2>\n<\/div>\n<\/div><\/div><\/div><\/div><div id=\"pgc-91-1-1\"  class=\"panel-grid-cell panel-grid-cell-mobile-last\" ><div id=\"panel-91-1-1-0\" class=\"so-panel widget widget_sow-editor panel-first-child panel-last-child\" data-index=\"2\" ><div class=\"panel-widget-style panel-widget-style-for-91-1-1-0\" ><div class=\"so-widget-sow-editor so-widget-sow-editor-base\">\n<div class=\"siteorigin-widget-tinymce textwidget\">\n\t<p>Trabajos con garant\u00eda. Presupuestos en el d\u00eda. Mas de 30 a\u00f1os de experiencia como t\u00e9cnico de <strong>Philips, Sony, Pioneer, Hitachi,<\/strong> entre otras marcas.<br \/>\nTrabajos al gremio. Presupuestos sin cargo. Contamos con el mayor laboratorio de electr\u00f3nica de la zona, con la m\u00e1s avanzada tecnolog\u00eda en herramientas de medici\u00f3n.<br \/>\nEstaciones de soldado y desoldado. todas tra\u00eddas de EE.UU.<\/p>\n<p>Tecnolog\u00eda de punta, con repuestos originales 100%<\/p>\n<\/div>\n<\/div><\/div><\/div><\/div><div id=\"pgc-91-1-2\"  class=\"panel-grid-cell panel-grid-cell-empty\" ><\/div><\/div><\/div><div id=\"pg-91-2\"  class=\"panel-grid panel-has-style\" ><div class=\"siteorigin-panels-stretch panel-row-style-full-width panel-row-style panel-row-style-for-91-2\" style=\"background-color: #cce1e5; \" data-stretch-type=\"full\" ><div id=\"pgc-91-2-0\"  class=\"panel-grid-cell\" ><div id=\"panel-91-2-0-0\" class=\"so-panel widget widget_sow-slider panel-first-child panel-last-child\" data-index=\"3\" ><div class=\"so-widget-sow-slider so-widget-sow-slider-default-53fd0f98de19-91\"><div class=\"sow-slider-base\" style=\"display: none\"><ul class=\"sow-slider-images\" data-settings=\"{&quot;pagination&quot;:true,&quot;speed&quot;:800,&quot;timeout&quot;:8000,&quot;paused&quot;:false,&quot;pause_on_hover&quot;:false,&quot;swipe&quot;:true,&quot;nav_always_show_desktop&quot;:&quot;&quot;,&quot;nav_always_show_mobile&quot;:&quot;&quot;,&quot;breakpoint&quot;:&quot;780px&quot;,&quot;unmute&quot;:false,&quot;anchor&quot;:null}\">\t\t<li class=\"sow-slider-image  sow-slider-image-cover\" style=\"background-image: url(https:\/\/reydeloslcd.com\/2020\/wp-content\/uploads\/2020\/09\/slide03.jpg)\" >\n\t\t\t\t\t\t\t\t\t<img width=\"980\" height=\"195\" src=\"https:\/\/reydeloslcd.com\/2020\/wp-content\/uploads\/2020\/09\/slide03.jpg\" class=\"sow-slider-background-image skip-lazy\" alt=\"\" loading=\"eager\" srcset=\"https:\/\/reydeloslcd.com\/2020\/wp-content\/uploads\/2020\/09\/slide03.jpg 980w, https:\/\/reydeloslcd.com\/2020\/wp-content\/uploads\/2020\/09\/slide03-300x60.jpg 300w, https:\/\/reydeloslcd.com\/2020\/wp-content\/uploads\/2020\/09\/slide03-768x153.jpg 768w, https:\/\/reydeloslcd.com\/2020\/wp-content\/uploads\/2020\/09\/slide03-600x119.jpg 600w, https:\/\/reydeloslcd.com\/2020\/wp-content\/uploads\/2020\/09\/slide03-280x56.jpg 280w\" sizes=\"(max-width: 980px) 100vw, 980px\" \/>\t\t\t\t\t\t\t\t<\/li>\n\t\t\t\t<li class=\"sow-slider-image  sow-slider-image-cover\" style=\"background-image: url(https:\/\/reydeloslcd.com\/2020\/wp-content\/uploads\/2020\/09\/slide02.jpg)\" >\n\t\t\t\t\t\t\t\t\t<img width=\"980\" height=\"195\" src=\"https:\/\/reydeloslcd.com\/2020\/wp-content\/uploads\/2020\/09\/slide02.jpg\" class=\"sow-slider-background-image skip-lazy\" alt=\"\" loading=\"eager\" srcset=\"https:\/\/reydeloslcd.com\/2020\/wp-content\/uploads\/2020\/09\/slide02.jpg 980w, https:\/\/reydeloslcd.com\/2020\/wp-content\/uploads\/2020\/09\/slide02-300x60.jpg 300w, https:\/\/reydeloslcd.com\/2020\/wp-content\/uploads\/2020\/09\/slide02-768x153.jpg 768w, https:\/\/reydeloslcd.com\/2020\/wp-content\/uploads\/2020\/09\/slide02-600x119.jpg 600w, https:\/\/reydeloslcd.com\/2020\/wp-content\/uploads\/2020\/09\/slide02-280x56.jpg 280w\" sizes=\"(max-width: 980px) 100vw, 980px\" \/>\t\t\t\t\t\t\t\t<\/li>\n\t\t\t\t<li class=\"sow-slider-image  sow-slider-image-cover\" style=\"background-image: url(https:\/\/reydeloslcd.com\/2020\/wp-content\/uploads\/2020\/09\/slide01.jpg)\" >\n\t\t\t\t\t\t\t\t\t<img width=\"980\" height=\"195\" src=\"https:\/\/reydeloslcd.com\/2020\/wp-content\/uploads\/2020\/09\/slide01.jpg\" class=\"sow-slider-background-image skip-lazy\" alt=\"\" loading=\"eager\" srcset=\"https:\/\/reydeloslcd.com\/2020\/wp-content\/uploads\/2020\/09\/slide01.jpg 980w, https:\/\/reydeloslcd.com\/2020\/wp-content\/uploads\/2020\/09\/slide01-300x60.jpg 300w, https:\/\/reydeloslcd.com\/2020\/wp-content\/uploads\/2020\/09\/slide01-768x153.jpg 768w, https:\/\/reydeloslcd.com\/2020\/wp-content\/uploads\/2020\/09\/slide01-600x119.jpg 600w, https:\/\/reydeloslcd.com\/2020\/wp-content\/uploads\/2020\/09\/slide01-280x56.jpg 280w\" sizes=\"(max-width: 980px) 100vw, 980px\" \/>\t\t\t\t\t\t\t\t<\/li>\n\t\t<\/ul>\t\t\t\t<ol class=\"sow-slider-pagination\">\n\t\t\t\t\t\t\t\t\t\t\t<li><a href=\"#\" data-goto=\"0\" aria-label=\"mostrar diapositiva 1\"><\/a><\/li>\n\t\t\t\t\t\t\t\t\t\t\t<li><a href=\"#\" data-goto=\"1\" aria-label=\"mostrar diapositiva 2\"><\/a><\/li>\n\t\t\t\t\t\t\t\t\t\t\t<li><a href=\"#\" data-goto=\"2\" aria-label=\"mostrar diapositiva 3\"><\/a><\/li>\n\t\t\t\t\t\t\t\t\t<\/ol>\n\n\t\t\t\t<div class=\"sow-slide-nav sow-slide-nav-next\">\n\t\t\t\t\t<a href=\"#\" data-goto=\"next\" aria-label=\"diapositiva siguiente\" data-action=\"next\">\n\t\t\t\t\t\t<em class=\"sow-sld-icon-thin-right\"><\/em>\n\t\t\t\t\t<\/a>\n\t\t\t\t<\/div>\n\n\t\t\t\t<div class=\"sow-slide-nav sow-slide-nav-prev\">\n\t\t\t\t\t<a href=\"#\" data-goto=\"previous\" aria-label=\"diapositiva anterior\" data-action=\"prev\">\n\t\t\t\t\t\t<em class=\"sow-sld-icon-thin-left\"><\/em>\n\t\t\t\t\t<\/a>\n\t\t\t\t<\/div>\n\t\t\t\t<\/div><\/div><\/div><\/div><\/div><\/div><div id=\"pg-91-3\"  class=\"panel-grid panel-no-style\" ><div id=\"pgc-91-3-0\"  class=\"panel-grid-cell\" ><div id=\"panel-91-3-0-0\" class=\"so-panel widget widget_sow-editor panel-first-child panel-last-child\" data-index=\"4\" ><div class=\"so-widget-sow-editor so-widget-sow-editor-base\">\n<div class=\"siteorigin-widget-tinymce textwidget\">\n\t<p style=\"text-align: right;\"><span style=\"font-size: 14pt;\">Pod\u00e9s realizarnos cualquier consulta, sobre placas, reparaciones, <\/span><br \/>\n<span style=\"font-size: 14pt;\">o solicitarnos un presupuesto, <\/span><br \/>\n<span style=\"font-size: 14pt;\">\u00f3 comunic\u00e1ndote directamente a nuestro email,<\/span><br \/>\n<span style=\"font-size: 14pt;\">o a nuestro tel\u00e9fono\/ whatsapp.<\/span><br \/>\n<span style=\"font-size: 14pt;\">Trabajos al gremio y presupuestos sin cargo.<\/span><\/p>\n<\/div>\n<\/div><\/div><\/div><div id=\"pgc-91-3-1\"  class=\"panel-grid-cell\" ><div id=\"panel-91-3-1-0\" class=\"so-panel widget widget_sow-editor panel-first-child panel-last-child\" data-index=\"5\" ><div class=\"so-widget-sow-editor so-widget-sow-editor-base\">\n<div class=\"siteorigin-widget-tinymce textwidget\">\n\t<h2><span style=\"font-family: 'Open Sans'; line-height: 30px;\"><a href=\"mailto:maxi_electronic@hotmail.com\">email: maxi_electronic@hotmail.com<\/a><\/span><br \/>\n<span style=\"font-family: 'Open Sans'; line-height: 30px;\">tel.\/ whatsapp: +54 9 11 6579 6507<\/span><\/h2>\n<\/div>\n<\/div><\/div><\/div><\/div><\/div>","protected":false},"excerpt":{"rendered":"<p>Venta al gremio. Placas LCD. Trabajos con garant\u00eda. Presupuestos en el d\u00eda. Mas de 30 a\u00f1os de experiencia como t\u00e9cnico de Philips, Sony, Pioneer, Hitachi, entre otras marcas. Trabajos al gremio. Presupuestos sin cargo. Contamos con el mayor laboratorio de electr\u00f3nica de la zona, con la m\u00e1s avanzada tecnolog\u00eda en herramientas de medici\u00f3n. Estaciones de [&hellip;]<\/p>\n","protected":false},"author":1,"featured_media":0,"parent":0,"menu_order":0,"comment_status":"closed","ping_status":"closed","template":"home-panels.php","meta":[],"_links":{"self":[{"href":"https:\/\/reydeloslcd.com\/2020\/wp-json\/wp\/v2\/pages\/91"}],"collection":[{"href":"https:\/\/reydeloslcd.com\/2020\/wp-json\/wp\/v2\/pages"}],"about":[{"href":"https:\/\/reydeloslcd.com\/2020\/wp-json\/wp\/v2\/types\/page"}],"author":[{"embeddable":true,"href":"https:\/\/reydeloslcd.com\/2020\/wp-json\/wp\/v2\/users\/1"}],"replies":[{"embeddable":true,"href":"https:\/\/reydeloslcd.com\/2020\/wp-json\/wp\/v2\/comments?post=91"}],"version-history":[{"count":34,"href":"https:\/\/reydeloslcd.com\/2020\/wp-json\/wp\/v2\/pages\/91\/revisions"}],"predecessor-version":[{"id":189,"href":"https:\/\/reydeloslcd.com\/2020\/wp-json\/wp\/v2\/pages\/91\/revisions\/189"}],"wp:attachment":[{"href":"https:\/\/reydeloslcd.com\/2020\/wp-json\/wp\/v2\/media?parent=91"}],"curies":[{"name":"wp","href":"https:\/\/api.w.org\/{rel}","templated":true}]}}