{"id":46,"date":"2020-09-02T17:22:16","date_gmt":"2020-09-02T17:22:16","guid":{"rendered":"https:\/\/elreydeloslcd.com\/2020\/?page_id=46"},"modified":"2022-02-17T18:50:29","modified_gmt":"2022-02-17T18:50:29","slug":"productos-2","status":"publish","type":"page","link":"https:\/\/reydeloslcd.com\/2020\/productos-2\/","title":{"rendered":"Productos"},"content":{"rendered":"<div id=\"pl-46\"  class=\"panel-layout\" ><div id=\"pg-46-0\"  class=\"panel-grid panel-has-style\" ><div class=\"siteorigin-panels-stretch panel-row-style-full-width panel-row-style panel-row-style-for-46-0\" style=\"background-color: #00395f; \" data-stretch-type=\"full\" ><div id=\"pgc-46-0-0\"  class=\"panel-grid-cell\" ><div id=\"panel-46-0-0-0\" class=\"so-panel widget widget_sow-headline panel-first-child panel-last-child\" data-index=\"0\" ><div class=\"panel-widget-style panel-widget-style-for-46-0-0-0\" ><div class=\"so-widget-sow-headline so-widget-sow-headline-default-5cb6dc81d84f-46\"><div class=\"sow-headline-container \">\n\t<h1 class='sow-headline'>Cat\u00e1logo de productos<\/h1><h3 class='sow-sub-headline'>Encontr\u00e1 aqu\u00ed el producto que est\u00e1s buscando<\/h3><\/div><\/div><\/div><\/div><\/div><\/div><\/div><div id=\"pg-46-1\"  class=\"panel-grid panel-has-style\" ><div class=\"siteorigin-panels-stretch panel-row-style-full-width panel-row-style panel-row-style-for-46-1\" style=\"background-color: #cce1e5; \" data-stretch-type=\"full\" ><div id=\"pgc-46-1-0\"  class=\"panel-grid-cell\" ><div id=\"panel-46-1-0-0\" class=\"so-panel widget widget_product_categories widget_categories panel-first-child panel-last-child\" data-index=\"1\" ><div class=\"panel-widget-style panel-widget-style-for-46-1-0-0\" ><h3 class=\"widget-title\">Categorias<\/h3><select  name='cat' id='cat' class='postform' >\n\t<option value='-1'>Seleccionar Categor\u00eda<\/option>\n\t<option class=\"level-0\" value=\"accesorios-varios\">Accesorios Varios&nbsp;&nbsp;(25)<\/option>\n\t<option class=\"level-0\" value=\"flex\">flex&nbsp;&nbsp;(4)<\/option>\n\t<option class=\"level-0\" value=\"fuentes\">Fuentes&nbsp;&nbsp;(47)<\/option>\n\t<option class=\"level-0\" value=\"inverter\">inverter&nbsp;&nbsp;(3)<\/option>\n\t<option class=\"level-0\" value=\"placa-wifi\">Placa Wifi&nbsp;&nbsp;(5)<\/option>\n\t<option class=\"level-0\" value=\"placas-main\">Placas Main&nbsp;&nbsp;(50)<\/option>\n\t<option class=\"level-0\" value=\"placas-t-con\">Placas T con&nbsp;&nbsp;(91)<\/option>\n\t<option class=\"level-0\" value=\"tiras-de-led\">Tiras de Led&nbsp;&nbsp;(58)<\/option>\n<\/select>\n\r\n\t\t\t\t<script type='text\/javascript'>\r\n\t\t\t\t    \/* <![CDATA[ *\/\r\n\t\t\t\t    var dropdown = document.getElementById( \"cat\" );\r\n\t\t\t\t    function onCatChange() {\r\n\t\t\t\t        if ( dropdown.options[dropdown.selectedIndex].value != '' ) {\r\n\t\t\t\t            location.href = \"https:\/\/reydeloslcd.com\/2020\/?al_product-cat=\" + dropdown.options[dropdown.selectedIndex].value;\r\n\t\t\t\t        }\r\n\t\t\t\t    }\r\n\t\t\t\t    dropdown.onchange = onCatChange;\r\n\t\t\t\t    \/* ]]> *\/\r\n\t\t\t\t<\/script>\r\n\r\n\t\t\t\t<\/div><\/div><\/div><div id=\"pgc-46-1-1\"  class=\"panel-grid-cell\" ><div id=\"panel-46-1-1-0\" class=\"so-panel widget widget_product_search product_search search widget_search panel-first-child panel-last-child\" data-index=\"2\" ><div class=\"panel-widget-style panel-widget-style-for-46-1-1-0\" ><h3 class=\"widget-title\">Buscar:<\/h3>    <form role=\"search\" class=\"blue-box ic-design\" method=\"get\"\r\n          id=\"product_search_form\" action=\"https:\/\/reydeloslcd.com\/2020\/\">\r\n\t\t<input type=\"hidden\" name=\"post_type\" value=\"al_product\" \/>        <div class=\"ic-search-container\">\r\n\t\t\t            <input class=\"product-search-box\" type=\"search\" value=\"\" name=\"s\"\r\n                   placeholder=\"B\u00fasqueda de productos\"\/>\r\n            <input class=\"product-search-submit\" type=\"submit\" id=\"searchsubmit\"\r\n                   value=\"\"\/>\r\n        <\/div>\r\n    <\/form>\r\n\t<\/div><\/div><\/div><div id=\"pgc-46-1-2\"  class=\"panel-grid-cell\" ><\/div><\/div><\/div><div id=\"pg-46-2\"  class=\"panel-grid panel-no-style\" ><div id=\"pgc-46-2-0\"  class=\"panel-grid-cell\" ><div id=\"panel-46-2-0-0\" class=\"so-panel widget widget_sow-editor panel-first-child\" data-index=\"4\" ><div class=\"so-widget-sow-editor so-widget-sow-editor-base\">\n<div class=\"siteorigin-widget-tinymce textwidget\">\n\t<p><!-- \/wp:shortcode --><br \/>\nhttps:\/\/listado.mercadolibre.com.ar\/_CustId_47329680<\/p>\n<\/div>\n<\/div><\/div><div id=\"panel-46-2-0-1\" class=\"so-panel widget widget_sow-editor panel-last-child\" data-index=\"5\" ><div class=\"so-widget-sow-editor so-widget-sow-editor-base\">\n<div class=\"siteorigin-widget-tinymce textwidget\">\n\t<p>            <div id=\"product_listing\" class=\"post-46 page type-page status-publish hentry al_product responsive post\">\n\t\t\t<div class=\"ic-catalog-container\"><style>.product-list .classic-grid.archive-listing{width:23.865%;}@media (max-width: 950px) and (min-width: 600px) {.responsive .archive-listing.last, .responsive .archive-listing.first { clear: none;margin-right: 1.5%;}.responsive .classic-grid.archive-listing, .responsive .classic-grid.archive-listing.last { width: 31%; }.responsive .classic-grid.archive-listing:nth-child(3n + 1) { clear: left; }}.product-subcategories .classic-grid.archive-listing{width:23.865%;}@media (max-width: 950px) and (min-width: 600px) {.responsive.product-subcategories .classic-grid.archive-listing { width: 31%;  }}<\/style><div class=\"product-list responsive grid \" >\r\n\r\n<div class=\"archive-listing product-1119 classic-grid publish no-price first\">\r\n\t<a href=\"https:\/\/reydeloslcd.com\/2020\/productos-2\/base-soporte-kb32s2000\/\">\r\n\t\t<div class=\"classic-grid-image-wrapper\"><div class=\"pseudo\"><\/div><div class=\"image\"><img width=\"338\" height=\"600\" src=\"https:\/\/reydeloslcd.com\/2020\/wp-content\/uploads\/2026\/03\/17749743718588642234233971567624-338x600.jpg\" class=\"classic-grid-image\" alt=\"Base soporte kb32s2000\" loading=\"lazy\" srcset=\"https:\/\/reydeloslcd.com\/2020\/wp-content\/uploads\/2026\/03\/17749743718588642234233971567624-338x600.jpg 338w, https:\/\/reydeloslcd.com\/2020\/wp-content\/uploads\/2026\/03\/17749743718588642234233971567624-169x300.jpg 169w, https:\/\/reydeloslcd.com\/2020\/wp-content\/uploads\/2026\/03\/17749743718588642234233971567624-576x1024.jpg 576w, https:\/\/reydeloslcd.com\/2020\/wp-content\/uploads\/2026\/03\/17749743718588642234233971567624-768x1365.jpg 768w, https:\/\/reydeloslcd.com\/2020\/wp-content\/uploads\/2026\/03\/17749743718588642234233971567624-864x1536.jpg 864w, https:\/\/reydeloslcd.com\/2020\/wp-content\/uploads\/2026\/03\/17749743718588642234233971567624-1153x2048.jpg 1153w, https:\/\/reydeloslcd.com\/2020\/wp-content\/uploads\/2026\/03\/17749743718588642234233971567624-90x160.jpg 90w, https:\/\/reydeloslcd.com\/2020\/wp-content\/uploads\/2026\/03\/17749743718588642234233971567624-scaled.jpg 1441w\" sizes=\"(max-width: 338px) 100vw, 338px\" \/><\/div><\/div>\r\n\t\t<h3 class=\"product-name\">Base soporte kb32s2000<\/h3>\t\t\t<\/a>\r\n\t<\/div>\r\n\r\n\r\n\r\n<div class=\"archive-listing product-1110 classic-grid publish no-price middle\">\r\n\t<a href=\"https:\/\/reydeloslcd.com\/2020\/productos-2\/tiras-de-led-2\/\">\r\n\t\t<div class=\"classic-grid-image-wrapper\"><div class=\"pseudo\"><\/div><div class=\"image\"><img width=\"600\" height=\"338\" src=\"https:\/\/reydeloslcd.com\/2020\/wp-content\/uploads\/2024\/07\/IMG-20231027-WA0036-600x338.jpeg\" class=\"classic-grid-image\" alt=\"Tiras de led\" loading=\"lazy\" srcset=\"https:\/\/reydeloslcd.com\/2020\/wp-content\/uploads\/2024\/07\/IMG-20231027-WA0036-600x338.jpeg 600w, https:\/\/reydeloslcd.com\/2020\/wp-content\/uploads\/2024\/07\/IMG-20231027-WA0036-300x169.jpeg 300w, https:\/\/reydeloslcd.com\/2020\/wp-content\/uploads\/2024\/07\/IMG-20231027-WA0036-1024x576.jpeg 1024w, https:\/\/reydeloslcd.com\/2020\/wp-content\/uploads\/2024\/07\/IMG-20231027-WA0036-768x432.jpeg 768w, https:\/\/reydeloslcd.com\/2020\/wp-content\/uploads\/2024\/07\/IMG-20231027-WA0036-1536x864.jpeg 1536w, https:\/\/reydeloslcd.com\/2020\/wp-content\/uploads\/2024\/07\/IMG-20231027-WA0036-2048x1152.jpeg 2048w, https:\/\/reydeloslcd.com\/2020\/wp-content\/uploads\/2024\/07\/IMG-20231027-WA0036-280x158.jpeg 280w\" sizes=\"(max-width: 600px) 100vw, 600px\" \/><\/div><\/div>\r\n\t\t<h3 class=\"product-name\">Tiras de led<\/h3>\t\t\t<\/a>\r\n\t<\/div>\r\n\r\n\r\n\r\n<div class=\"archive-listing product-1108 classic-grid publish no-price middle\">\r\n\t<a href=\"https:\/\/reydeloslcd.com\/2020\/productos-2\/tiras-de-led\/\">\r\n\t\t<div class=\"classic-grid-image-wrapper\"><div class=\"pseudo\"><\/div><div class=\"image\"><img width=\"600\" height=\"338\" src=\"https:\/\/reydeloslcd.com\/2020\/wp-content\/uploads\/2024\/07\/IMG-20231027-WA0034-600x338.jpeg\" class=\"classic-grid-image\" alt=\"Tiras de led\" loading=\"lazy\" srcset=\"https:\/\/reydeloslcd.com\/2020\/wp-content\/uploads\/2024\/07\/IMG-20231027-WA0034-600x338.jpeg 600w, https:\/\/reydeloslcd.com\/2020\/wp-content\/uploads\/2024\/07\/IMG-20231027-WA0034-300x169.jpeg 300w, https:\/\/reydeloslcd.com\/2020\/wp-content\/uploads\/2024\/07\/IMG-20231027-WA0034-1024x576.jpeg 1024w, https:\/\/reydeloslcd.com\/2020\/wp-content\/uploads\/2024\/07\/IMG-20231027-WA0034-768x432.jpeg 768w, https:\/\/reydeloslcd.com\/2020\/wp-content\/uploads\/2024\/07\/IMG-20231027-WA0034-1536x864.jpeg 1536w, https:\/\/reydeloslcd.com\/2020\/wp-content\/uploads\/2024\/07\/IMG-20231027-WA0034-2048x1152.jpeg 2048w, https:\/\/reydeloslcd.com\/2020\/wp-content\/uploads\/2024\/07\/IMG-20231027-WA0034-280x158.jpeg 280w\" sizes=\"(max-width: 600px) 100vw, 600px\" \/><\/div><\/div>\r\n\t\t<h3 class=\"product-name\">Tiras de led<\/h3>\t\t\t<\/a>\r\n\t<\/div>\r\n\r\n\r\n\r\n<div class=\"archive-listing product-1106 classic-grid publish no-price last\">\r\n\t<a href=\"https:\/\/reydeloslcd.com\/2020\/productos-2\/placa-main-noblex-dm43x7100\/\">\r\n\t\t<div class=\"classic-grid-image-wrapper\"><div class=\"pseudo\"><\/div><div class=\"image\"><img width=\"600\" height=\"270\" src=\"https:\/\/reydeloslcd.com\/2020\/wp-content\/uploads\/2024\/07\/17206492640584685432072763277766-600x270.jpg\" class=\"classic-grid-image\" alt=\"Placa main noblex dm43x7100\" loading=\"lazy\" srcset=\"https:\/\/reydeloslcd.com\/2020\/wp-content\/uploads\/2024\/07\/17206492640584685432072763277766-600x270.jpg 600w, https:\/\/reydeloslcd.com\/2020\/wp-content\/uploads\/2024\/07\/17206492640584685432072763277766-300x135.jpg 300w, https:\/\/reydeloslcd.com\/2020\/wp-content\/uploads\/2024\/07\/17206492640584685432072763277766-1024x461.jpg 1024w, https:\/\/reydeloslcd.com\/2020\/wp-content\/uploads\/2024\/07\/17206492640584685432072763277766-768x346.jpg 768w, https:\/\/reydeloslcd.com\/2020\/wp-content\/uploads\/2024\/07\/17206492640584685432072763277766-1536x691.jpg 1536w, https:\/\/reydeloslcd.com\/2020\/wp-content\/uploads\/2024\/07\/17206492640584685432072763277766-2048x922.jpg 2048w, https:\/\/reydeloslcd.com\/2020\/wp-content\/uploads\/2024\/07\/17206492640584685432072763277766-280x126.jpg 280w\" sizes=\"(max-width: 600px) 100vw, 600px\" \/><\/div><\/div>\r\n\t\t<h3 class=\"product-name\">Placa main noblex dm43x7100<\/h3>\t\t\t<\/a>\r\n\t<\/div>\r\n\r\n\r\n\r\n<div class=\"archive-listing product-1096 classic-grid publish no-price first\">\r\n\t<a href=\"https:\/\/reydeloslcd.com\/2020\/productos-2\/placa-fuente-lg-32lk450\/\">\r\n\t\t<div class=\"classic-grid-image-wrapper\"><div class=\"pseudo\"><\/div><div class=\"image\"><img width=\"450\" height=\"600\" src=\"https:\/\/reydeloslcd.com\/2020\/wp-content\/uploads\/2023\/08\/1692741787063701088132754494092-450x600.jpg\" class=\"classic-grid-image\" alt=\"Placa fuente lg 32lk450\" loading=\"lazy\" srcset=\"https:\/\/reydeloslcd.com\/2020\/wp-content\/uploads\/2023\/08\/1692741787063701088132754494092-450x600.jpg 450w, https:\/\/reydeloslcd.com\/2020\/wp-content\/uploads\/2023\/08\/1692741787063701088132754494092-225x300.jpg 225w, https:\/\/reydeloslcd.com\/2020\/wp-content\/uploads\/2023\/08\/1692741787063701088132754494092-768x1024.jpg 768w, https:\/\/reydeloslcd.com\/2020\/wp-content\/uploads\/2023\/08\/1692741787063701088132754494092-1152x1536.jpg 1152w, https:\/\/reydeloslcd.com\/2020\/wp-content\/uploads\/2023\/08\/1692741787063701088132754494092-1536x2048.jpg 1536w, https:\/\/reydeloslcd.com\/2020\/wp-content\/uploads\/2023\/08\/1692741787063701088132754494092-120x160.jpg 120w, https:\/\/reydeloslcd.com\/2020\/wp-content\/uploads\/2023\/08\/1692741787063701088132754494092-scaled.jpg 1920w\" sizes=\"(max-width: 450px) 100vw, 450px\" \/><\/div><\/div>\r\n\t\t<h3 class=\"product-name\">Placa fuente lg 32lk450<\/h3>\t\t\t<\/a>\r\n\t<\/div>\r\n\r\n\r\n\r\n<div class=\"archive-listing product-1094 classic-grid publish no-price middle\">\r\n\t<a href=\"https:\/\/reydeloslcd.com\/2020\/productos-2\/pnaca-main-32lk450\/\">\r\n\t\t<div class=\"classic-grid-image-wrapper\"><div class=\"pseudo\"><\/div><div class=\"image\"><img width=\"450\" height=\"600\" src=\"https:\/\/reydeloslcd.com\/2020\/wp-content\/uploads\/2023\/08\/16927415483713126313326983769935-450x600.jpg\" class=\"classic-grid-image\" alt=\"P\u00f1aca main 32lk450\" loading=\"lazy\" srcset=\"https:\/\/reydeloslcd.com\/2020\/wp-content\/uploads\/2023\/08\/16927415483713126313326983769935-450x600.jpg 450w, https:\/\/reydeloslcd.com\/2020\/wp-content\/uploads\/2023\/08\/16927415483713126313326983769935-225x300.jpg 225w, https:\/\/reydeloslcd.com\/2020\/wp-content\/uploads\/2023\/08\/16927415483713126313326983769935-768x1024.jpg 768w, https:\/\/reydeloslcd.com\/2020\/wp-content\/uploads\/2023\/08\/16927415483713126313326983769935-1152x1536.jpg 1152w, https:\/\/reydeloslcd.com\/2020\/wp-content\/uploads\/2023\/08\/16927415483713126313326983769935-1536x2048.jpg 1536w, https:\/\/reydeloslcd.com\/2020\/wp-content\/uploads\/2023\/08\/16927415483713126313326983769935-120x160.jpg 120w, https:\/\/reydeloslcd.com\/2020\/wp-content\/uploads\/2023\/08\/16927415483713126313326983769935-scaled.jpg 1920w\" sizes=\"(max-width: 450px) 100vw, 450px\" \/><\/div><\/div>\r\n\t\t<h3 class=\"product-name\">P\u00f1aca main 32lk450<\/h3>\t\t\t<\/a>\r\n\t<\/div>\r\n\r\n\r\n\r\n<div class=\"archive-listing product-1088 classic-grid publish no-price middle\">\r\n\t<a href=\"https:\/\/reydeloslcd.com\/2020\/productos-2\/placa-fuente-philips-42pfl6007-77\/\">\r\n\t\t<div class=\"classic-grid-image-wrapper\"><div class=\"pseudo\"><\/div><div class=\"image\"><img width=\"600\" height=\"450\" src=\"https:\/\/reydeloslcd.com\/2020\/wp-content\/uploads\/2023\/03\/16803057409208972518526730598012-600x450.jpg\" class=\"classic-grid-image\" alt=\"PLACA FUENTE PHILIPS 42PFL6007\/77\" loading=\"lazy\" srcset=\"https:\/\/reydeloslcd.com\/2020\/wp-content\/uploads\/2023\/03\/16803057409208972518526730598012-600x450.jpg 600w, https:\/\/reydeloslcd.com\/2020\/wp-content\/uploads\/2023\/03\/16803057409208972518526730598012-300x225.jpg 300w, https:\/\/reydeloslcd.com\/2020\/wp-content\/uploads\/2023\/03\/16803057409208972518526730598012-1024x768.jpg 1024w, https:\/\/reydeloslcd.com\/2020\/wp-content\/uploads\/2023\/03\/16803057409208972518526730598012-768x576.jpg 768w, https:\/\/reydeloslcd.com\/2020\/wp-content\/uploads\/2023\/03\/16803057409208972518526730598012-1536x1152.jpg 1536w, https:\/\/reydeloslcd.com\/2020\/wp-content\/uploads\/2023\/03\/16803057409208972518526730598012-2048x1536.jpg 2048w, https:\/\/reydeloslcd.com\/2020\/wp-content\/uploads\/2023\/03\/16803057409208972518526730598012-213x160.jpg 213w\" sizes=\"(max-width: 600px) 100vw, 600px\" \/><\/div><\/div>\r\n\t\t<h3 class=\"product-name\">PLACA FUENTE PHILIPS 42PFL6007\/77<\/h3>\t\t\t<\/a>\r\n\t<\/div>\r\n\r\n\r\n\r\n<div class=\"archive-listing product-1084 classic-grid publish no-price last\">\r\n\t<a href=\"https:\/\/reydeloslcd.com\/2020\/productos-2\/placa-fuente-32pfl6605\/\">\r\n\t\t<div class=\"classic-grid-image-wrapper\"><div class=\"pseudo\"><\/div><div class=\"image\"><img width=\"600\" height=\"450\" src=\"https:\/\/reydeloslcd.com\/2020\/wp-content\/uploads\/2023\/03\/20230331_202310-600x450.jpg\" class=\"classic-grid-image\" alt=\"PLACA FUENTE 32PFL6605\" loading=\"lazy\" srcset=\"https:\/\/reydeloslcd.com\/2020\/wp-content\/uploads\/2023\/03\/20230331_202310-600x450.jpg 600w, https:\/\/reydeloslcd.com\/2020\/wp-content\/uploads\/2023\/03\/20230331_202310-300x225.jpg 300w, https:\/\/reydeloslcd.com\/2020\/wp-content\/uploads\/2023\/03\/20230331_202310-1024x768.jpg 1024w, https:\/\/reydeloslcd.com\/2020\/wp-content\/uploads\/2023\/03\/20230331_202310-768x576.jpg 768w, https:\/\/reydeloslcd.com\/2020\/wp-content\/uploads\/2023\/03\/20230331_202310-1536x1152.jpg 1536w, https:\/\/reydeloslcd.com\/2020\/wp-content\/uploads\/2023\/03\/20230331_202310-2048x1536.jpg 2048w, https:\/\/reydeloslcd.com\/2020\/wp-content\/uploads\/2023\/03\/20230331_202310-213x160.jpg 213w\" sizes=\"(max-width: 600px) 100vw, 600px\" \/><\/div><\/div>\r\n\t\t<h3 class=\"product-name\">PLACA FUENTE 32PFL6605<\/h3>\t\t\t<\/a>\r\n\t<\/div>\r\n\r\n\r\n\r\n<div class=\"archive-listing product-1082 classic-grid publish no-price first\">\r\n\t<a href=\"https:\/\/reydeloslcd.com\/2020\/productos-2\/placa-fuente-philips-32pfg5509-nuevas\/\">\r\n\t\t<div class=\"classic-grid-image-wrapper\"><div class=\"pseudo\"><\/div><div class=\"image\"><img width=\"600\" height=\"450\" src=\"https:\/\/reydeloslcd.com\/2020\/wp-content\/uploads\/2023\/03\/20230331_200534-600x450.jpg\" class=\"classic-grid-image\" alt=\"Placa Fuente Philips 32pfg5509\" loading=\"lazy\" srcset=\"https:\/\/reydeloslcd.com\/2020\/wp-content\/uploads\/2023\/03\/20230331_200534-600x450.jpg 600w, https:\/\/reydeloslcd.com\/2020\/wp-content\/uploads\/2023\/03\/20230331_200534-300x225.jpg 300w, https:\/\/reydeloslcd.com\/2020\/wp-content\/uploads\/2023\/03\/20230331_200534-1024x768.jpg 1024w, https:\/\/reydeloslcd.com\/2020\/wp-content\/uploads\/2023\/03\/20230331_200534-768x576.jpg 768w, https:\/\/reydeloslcd.com\/2020\/wp-content\/uploads\/2023\/03\/20230331_200534-1536x1152.jpg 1536w, https:\/\/reydeloslcd.com\/2020\/wp-content\/uploads\/2023\/03\/20230331_200534-2048x1536.jpg 2048w, https:\/\/reydeloslcd.com\/2020\/wp-content\/uploads\/2023\/03\/20230331_200534-213x160.jpg 213w\" sizes=\"(max-width: 600px) 100vw, 600px\" \/><\/div><\/div>\r\n\t\t<h3 class=\"product-name\">Placa Fuente Philips 32pfg5509<\/h3>\t\t\t<\/a>\r\n\t<\/div>\r\n\r\n\r\n\r\n<div class=\"archive-listing product-1019 classic-grid publish no-price middle\">\r\n\t<a href=\"https:\/\/reydeloslcd.com\/2020\/productos-2\/tira-de-led-lg-49lf6450\/\">\r\n\t\t<div class=\"classic-grid-image-wrapper\"><div class=\"pseudo\"><\/div><div class=\"image\"><img width=\"450\" height=\"600\" src=\"https:\/\/reydeloslcd.com\/2020\/wp-content\/uploads\/2021\/03\/IMG-20210320-WA0018-450x600.jpg\" class=\"classic-grid-image\" alt=\"Tira de led lg 49lf6450\" loading=\"lazy\" srcset=\"https:\/\/reydeloslcd.com\/2020\/wp-content\/uploads\/2021\/03\/IMG-20210320-WA0018-450x600.jpg 450w, https:\/\/reydeloslcd.com\/2020\/wp-content\/uploads\/2021\/03\/IMG-20210320-WA0018-225x300.jpg 225w, https:\/\/reydeloslcd.com\/2020\/wp-content\/uploads\/2021\/03\/IMG-20210320-WA0018-768x1024.jpg 768w, https:\/\/reydeloslcd.com\/2020\/wp-content\/uploads\/2021\/03\/IMG-20210320-WA0018-120x160.jpg 120w, https:\/\/reydeloslcd.com\/2020\/wp-content\/uploads\/2021\/03\/IMG-20210320-WA0018.jpg 960w\" sizes=\"(max-width: 450px) 100vw, 450px\" \/><\/div><\/div>\r\n\t\t<h3 class=\"product-name\">Tira de led lg 49lf6450<\/h3>\t\t\t<\/a>\r\n\t<\/div>\r\n\r\n\r\n\r\n<div class=\"archive-listing product-1004 classic-grid publish no-price middle\">\r\n\t<a href=\"https:\/\/reydeloslcd.com\/2020\/productos-2\/placa-t-con-cod-lc320wxn-sba1\/\">\r\n\t\t<div class=\"classic-grid-image-wrapper\"><div class=\"pseudo\"><\/div><div class=\"image\"><img width=\"600\" height=\"450\" src=\"https:\/\/reydeloslcd.com\/2020\/wp-content\/uploads\/2021\/02\/image-36-600x450.jpg\" class=\"classic-grid-image\" alt=\"Placa T-Con Cod. LC320WXN-SBA1\" loading=\"lazy\" srcset=\"https:\/\/reydeloslcd.com\/2020\/wp-content\/uploads\/2021\/02\/image-36-600x450.jpg 600w, https:\/\/reydeloslcd.com\/2020\/wp-content\/uploads\/2021\/02\/image-36-300x225.jpg 300w, https:\/\/reydeloslcd.com\/2020\/wp-content\/uploads\/2021\/02\/image-36-1024x768.jpg 1024w, https:\/\/reydeloslcd.com\/2020\/wp-content\/uploads\/2021\/02\/image-36-768x576.jpg 768w, https:\/\/reydeloslcd.com\/2020\/wp-content\/uploads\/2021\/02\/image-36-1536x1152.jpg 1536w, https:\/\/reydeloslcd.com\/2020\/wp-content\/uploads\/2021\/02\/image-36-2048x1536.jpg 2048w, https:\/\/reydeloslcd.com\/2020\/wp-content\/uploads\/2021\/02\/image-36-213x160.jpg 213w\" sizes=\"(max-width: 600px) 100vw, 600px\" \/><\/div><\/div>\r\n\t\t<h3 class=\"product-name\">Placa T-Con Cod. LC320WXN-SBA1<\/h3>\t\t\t<\/a>\r\n\t<\/div>\r\n\r\n\r\n\r\n<div class=\"archive-listing product-1002 classic-grid publish no-price last\">\r\n\t<a href=\"https:\/\/reydeloslcd.com\/2020\/productos-2\/placa-t-con-cod-lc320exn-sea1-k31\/\">\r\n\t\t<div class=\"classic-grid-image-wrapper\"><div class=\"pseudo\"><\/div><div class=\"image\"><img width=\"600\" height=\"450\" src=\"https:\/\/reydeloslcd.com\/2020\/wp-content\/uploads\/2021\/02\/image-35-600x450.jpg\" class=\"classic-grid-image\" alt=\"Placa T-Con Cod. LC320EXN-SEA1-K31\" loading=\"lazy\" srcset=\"https:\/\/reydeloslcd.com\/2020\/wp-content\/uploads\/2021\/02\/image-35-600x450.jpg 600w, https:\/\/reydeloslcd.com\/2020\/wp-content\/uploads\/2021\/02\/image-35-300x225.jpg 300w, https:\/\/reydeloslcd.com\/2020\/wp-content\/uploads\/2021\/02\/image-35-1024x768.jpg 1024w, https:\/\/reydeloslcd.com\/2020\/wp-content\/uploads\/2021\/02\/image-35-768x576.jpg 768w, https:\/\/reydeloslcd.com\/2020\/wp-content\/uploads\/2021\/02\/image-35-1536x1152.jpg 1536w, https:\/\/reydeloslcd.com\/2020\/wp-content\/uploads\/2021\/02\/image-35-2048x1536.jpg 2048w, https:\/\/reydeloslcd.com\/2020\/wp-content\/uploads\/2021\/02\/image-35-213x160.jpg 213w\" sizes=\"(max-width: 600px) 100vw, 600px\" \/><\/div><\/div>\r\n\t\t<h3 class=\"product-name\">Placa T-Con Cod. LC320EXN-SEA1-K31<\/h3>\t\t\t<\/a>\r\n\t<\/div>\r\n\r\n<\/div><div id=\"product_archive_nav\" class=\"product-archive-nav blue-box ic-design\"><ul>\n<li class=\"active\" data-page=\"1\"><a href=\"https:\/\/reydeloslcd.com\/2020\/wp-json\/wp\/v2\/pages\/46\">1<\/a><\/li> \n<li data-page=\"2\"><a href=\"https:\/\/reydeloslcd.com\/2020\/wp-json\/wp\/v2\/pages\/46\/page\/2\/\">2<\/a><\/li> \n<li data-page=\"3\"><a href=\"https:\/\/reydeloslcd.com\/2020\/wp-json\/wp\/v2\/pages\/46\/page\/3\/\">3<\/a><\/li> \n<li class=\"nav-dots\">...<\/li>\n<li class=\"last-num\" data-page=\"24\"><a href=\"https:\/\/reydeloslcd.com\/2020\/wp-json\/wp\/v2\/pages\/46\/page\/24\/\">24<\/a><\/li> \n<li class=\"next-page\" data-page=\"2\"><a href=\"https:\/\/reydeloslcd.com\/2020\/wp-json\/wp\/v2\/pages\/46\/page\/2\/\" ><span>P\u00e1gina Siguiente >><\/span><\/a><\/li> \n<\/ul><\/div>\n    <span class=\"clear\"><\/span>\r\n\t<\/div>            <\/div>\n\t\t\t<br \/>\n<!-- \/wp:shortcode --><\/p>\n<\/div>\n<\/div><\/div><\/div><\/div><div id=\"pg-46-3\"  class=\"panel-grid panel-no-style\" ><div id=\"pgc-46-3-0\"  class=\"panel-grid-cell\" ><div id=\"panel-46-3-0-0\" class=\"so-panel widget widget_sow-editor panel-first-child panel-last-child\" data-index=\"6\" ><div class=\"so-widget-sow-editor so-widget-sow-editor-base\">\n<div class=\"siteorigin-widget-tinymce textwidget\">\n\t<p style=\"text-align: right;\"><span style=\"font-size: 14pt;\">Pod\u00e9s realizarnos cualquier consulta, sobre placas, reparaciones, <\/span><br \/>\n<span style=\"font-size: 14pt;\">o solicitarnos un presupuesto, <\/span><br \/>\n<span style=\"font-size: 14pt;\">\u00f3 comunic\u00e1ndote directamente a nuestro email,<\/span><br \/>\n<span style=\"font-size: 14pt;\">o a nuestro tel\u00e9fono\/ whatsapp.<\/span><br \/>\n<span style=\"font-size: 14pt;\">Trabajos al gremio y presupuestos sin cargo.<\/span><\/p>\n<\/div>\n<\/div><\/div><\/div><div id=\"pgc-46-3-1\"  class=\"panel-grid-cell\" ><div id=\"panel-46-3-1-0\" class=\"so-panel widget widget_sow-editor panel-first-child panel-last-child\" data-index=\"7\" ><div class=\"so-widget-sow-editor so-widget-sow-editor-base\">\n<div class=\"siteorigin-widget-tinymce textwidget\">\n\t<h2><span style=\"font-family: 'Open Sans'; line-height: 30px;\"><a href=\"mailto:maxi_electronic@hotmail.com\">email: maxi_electronic@hotmail.com<\/a><\/span><br \/>\n<span style=\"font-family: 'Open Sans'; line-height: 30px;\">tel.\/ whatsapp: +54 9 11 6579 6507<\/span><\/h2>\n<\/div>\n<\/div><\/div><\/div><\/div><\/div>","protected":false},"excerpt":{"rendered":"<p>https:\/\/listado.mercadolibre.com.ar\/_CustId_47329680 Pod\u00e9s realizarnos cualquier consulta, sobre placas, reparaciones, o solicitarnos un presupuesto, \u00f3 comunic\u00e1ndote directamente a nuestro email, o a nuestro tel\u00e9fono\/ whatsapp. Trabajos al gremio y presupuestos sin cargo. email: maxi_electronic@hotmail.com tel.\/ whatsapp: +54 9 11 6579 6507<\/p>\n","protected":false},"author":1,"featured_media":0,"parent":0,"menu_order":0,"comment_status":"closed","ping_status":"closed","template":"","meta":[],"_links":{"self":[{"href":"https:\/\/reydeloslcd.com\/2020\/wp-json\/wp\/v2\/pages\/46"}],"collection":[{"href":"https:\/\/reydeloslcd.com\/2020\/wp-json\/wp\/v2\/pages"}],"about":[{"href":"https:\/\/reydeloslcd.com\/2020\/wp-json\/wp\/v2\/types\/page"}],"author":[{"embeddable":true,"href":"https:\/\/reydeloslcd.com\/2020\/wp-json\/wp\/v2\/users\/1"}],"replies":[{"embeddable":true,"href":"https:\/\/reydeloslcd.com\/2020\/wp-json\/wp\/v2\/comments?post=46"}],"version-history":[{"count":57,"href":"https:\/\/reydeloslcd.com\/2020\/wp-json\/wp\/v2\/pages\/46\/revisions"}],"predecessor-version":[{"id":51,"href":"https:\/\/reydeloslcd.com\/2020\/wp-json\/wp\/v2\/pages\/46\/revisions\/51"}],"wp:attachment":[{"href":"https:\/\/reydeloslcd.com\/2020\/wp-json\/wp\/v2\/media?parent=46"}],"curies":[{"name":"wp","href":"https:\/\/api.w.org\/{rel}","templated":true}]}}