{"id":32,"date":"2020-09-02T17:02:25","date_gmt":"2020-09-02T17:02:25","guid":{"rendered":"https:\/\/elreydeloslcd.com\/2020\/?page_id=32"},"modified":"2020-09-04T02:29:58","modified_gmt":"2020-09-04T02:29:58","slug":"contacto","status":"publish","type":"page","link":"https:\/\/reydeloslcd.com\/2020\/contacto\/","title":{"rendered":"Contacto"},"content":{"rendered":"<div id=\"pl-32\"  class=\"panel-layout\" ><div id=\"pg-32-0\"  class=\"panel-grid panel-has-style\" ><div class=\"siteorigin-panels-stretch panel-row-style-full-width panel-row-style panel-row-style-for-32-0\" style=\"background-color: #00395f; \" data-stretch-type=\"full\" ><div id=\"pgc-32-0-0\"  class=\"panel-grid-cell\" ><div id=\"panel-32-0-0-0\" class=\"so-panel widget widget_sow-headline panel-first-child panel-last-child\" data-index=\"0\" ><div class=\"so-widget-sow-headline so-widget-sow-headline-default-dd653c2f7c35-32\"><div class=\"sow-headline-container \">\n\t<h1 class='sow-headline'>Cont\u00e1ctese con nosotros<\/h1><\/div><\/div><\/div><\/div><\/div><\/div><div id=\"pg-32-1\"  class=\"panel-grid panel-has-style\" ><div class=\"siteorigin-panels-stretch panel-row-style-full-width panel-row-style panel-row-style-for-32-1\" style=\"background-color: #cce1e5; \" data-stretch-type=\"full-stretched\" ><div id=\"pgc-32-1-0\"  class=\"panel-grid-cell\" ><div id=\"panel-32-1-0-0\" class=\"so-panel widget widget_sow-editor panel-first-child panel-last-child\" data-index=\"1\" ><div class=\"panel-widget-style panel-widget-style-for-32-1-0-0\" ><div class=\"so-widget-sow-editor so-widget-sow-editor-base\">\n<div class=\"siteorigin-widget-tinymce textwidget\">\n\t<p><iframe loading=\"lazy\" src=\"https:\/\/www.google.com\/maps\/embed?pb=!1m18!1m12!1m3!1d3280.883914710306!2d-58.63558268445527!3d-34.682879180439166!2m3!1f0!2f0!3f0!3m2!1i1024!2i768!4f13.1!3m3!1m2!1s0x95bcc72591248779%3A0xe31318e98127cc69!2sGregoria%20P%C3%A9rez%201089%2C%20B1708%20ATG%2C%20Provincia%20de%20Buenos%20Aires!5e0!3m2!1ses-419!2sar!4v1599186496360!5m2!1ses-419!2sar\" width=\"100%\" height=\"40%\" frameborder=\"0\" style=\"border:0;\" allowfullscreen=\"\" aria-hidden=\"false\" tabindex=\"0\"><\/iframe><\/p>\n<\/div>\n<\/div><\/div><\/div><\/div><\/div><\/div><div id=\"pg-32-2\"  class=\"panel-grid panel-no-style\" ><div id=\"pgc-32-2-0\"  class=\"panel-grid-cell\" ><div id=\"panel-32-2-0-0\" class=\"so-panel widget widget_sow-editor panel-first-child panel-last-child\" data-index=\"2\" ><div class=\"so-widget-sow-editor so-widget-sow-editor-base\">\n<div class=\"siteorigin-widget-tinymce textwidget\">\n\t<p style=\"text-align: right;\"><span style=\"font-size: 14pt;\">Pod\u00e9s realizarnos cualquier consulta, sobre placas, reparaciones, <\/span><br \/>\n<span style=\"font-size: 14pt;\">o solicitarnos un presupuesto, <\/span><br \/>\n<span style=\"font-size: 14pt;\">\u00f3 comunic\u00e1ndote directamente a nuestro email,<\/span><br \/>\n<span style=\"font-size: 14pt;\">o a nuestro tel\u00e9fono\/ whatsapp.<\/span><br \/>\n<span style=\"font-size: 14pt;\">Trabajos al gremio y presupuestos sin cargo.<\/span><\/p>\n<\/div>\n<\/div><\/div><\/div><div id=\"pgc-32-2-1\"  class=\"panel-grid-cell\" ><div id=\"panel-32-2-1-0\" class=\"so-panel widget widget_sow-editor panel-first-child panel-last-child\" data-index=\"3\" ><div class=\"so-widget-sow-editor so-widget-sow-editor-base\">\n<div class=\"siteorigin-widget-tinymce textwidget\">\n\t<h2><span style=\"font-family: 'Open Sans'; line-height: 30px;\"><a href=\"mailto:maxi_electronic@hotmail.com\">email: maxi_electronic@hotmail.com<\/a><\/span><br \/>\n<span style=\"font-family: 'Open Sans'; line-height: 30px;\">tel.\/ whatsapp: +54 9 11 6579 6507<\/span><\/h2>\n<\/div>\n<\/div><\/div><\/div><\/div><\/div>","protected":false},"excerpt":{"rendered":"<p>Cont\u00e1ctese con nosotros Pod\u00e9s realizarnos cualquier consulta, sobre placas, reparaciones, o solicitarnos un presupuesto, \u00f3 comunic\u00e1ndote directamente a nuestro email, o a nuestro tel\u00e9fono\/ whatsapp. Trabajos al gremio y presupuestos sin cargo. email: maxi_electronic@hotmail.com tel.\/ whatsapp: +54 9 11 6579 6507<\/p>\n","protected":false},"author":1,"featured_media":0,"parent":0,"menu_order":0,"comment_status":"closed","ping_status":"closed","template":"templates\/template-full.php","meta":[],"_links":{"self":[{"href":"https:\/\/reydeloslcd.com\/2020\/wp-json\/wp\/v2\/pages\/32"}],"collection":[{"href":"https:\/\/reydeloslcd.com\/2020\/wp-json\/wp\/v2\/pages"}],"about":[{"href":"https:\/\/reydeloslcd.com\/2020\/wp-json\/wp\/v2\/types\/page"}],"author":[{"embeddable":true,"href":"https:\/\/reydeloslcd.com\/2020\/wp-json\/wp\/v2\/users\/1"}],"replies":[{"embeddable":true,"href":"https:\/\/reydeloslcd.com\/2020\/wp-json\/wp\/v2\/comments?post=32"}],"version-history":[{"count":19,"href":"https:\/\/reydeloslcd.com\/2020\/wp-json\/wp\/v2\/pages\/32\/revisions"}],"predecessor-version":[{"id":195,"href":"https:\/\/reydeloslcd.com\/2020\/wp-json\/wp\/v2\/pages\/32\/revisions\/195"}],"wp:attachment":[{"href":"https:\/\/reydeloslcd.com\/2020\/wp-json\/wp\/v2\/media?parent=32"}],"curies":[{"name":"wp","href":"https:\/\/api.w.org\/{rel}","templated":true}]}}