{"id":13,"date":"2020-09-02T03:35:57","date_gmt":"2020-09-02T03:35:57","guid":{"rendered":"https:\/\/elreydeloslcd.com\/2020\/?page_id=13"},"modified":"2020-09-04T02:24:31","modified_gmt":"2020-09-04T02:24:31","slug":"servicios","status":"publish","type":"page","link":"https:\/\/reydeloslcd.com\/2020\/servicios\/","title":{"rendered":"Servicios"},"content":{"rendered":"<div id=\"pl-13\"  class=\"panel-layout\" ><div id=\"pg-13-0\"  class=\"panel-grid panel-has-style\" ><div class=\"siteorigin-panels-stretch panel-row-style-full-width panel-row-style panel-row-style-for-13-0\" style=\"background-color: #00395f; \" data-stretch-type=\"full\" ><div id=\"pgc-13-0-0\"  class=\"panel-grid-cell\" ><div id=\"panel-13-0-0-0\" class=\"so-panel widget widget_sow-headline panel-first-child panel-last-child\" data-index=\"0\" ><div class=\"so-widget-sow-headline so-widget-sow-headline-default-dd653c2f7c35-13\"><div class=\"sow-headline-container \">\n\t<h1 class='sow-headline'>Nuestros Servicios<\/h1><\/div><\/div><\/div><\/div><\/div><\/div><div id=\"pg-13-1\"  class=\"panel-grid panel-no-style\" ><div id=\"pgc-13-1-0\"  class=\"panel-grid-cell\" ><div id=\"panel-13-1-0-0\" class=\"so-panel widget widget_sow-editor panel-first-child panel-last-child\" data-index=\"1\" ><div class=\"panel-widget-style panel-widget-style-for-13-1-0-0\" ><div class=\"so-widget-sow-editor so-widget-sow-editor-base\">\n<div class=\"siteorigin-widget-tinymce textwidget\">\n\t<ul>\n<li style=\"text-align: left;\"><span style=\"font-family: 'Open Sans'; font-size: 12pt;\">Servicio T\u00e9cnico LCD, LED, Plasma, Proyectores, TV, Filmadoras, Monitores LCD\/ LED.<\/span><\/li>\n<li style=\"text-align: left;\"><span style=\"font-family: 'Open Sans'; font-size: 12pt;\">M\u00e1s de 30 a\u00f1os de experiencia, trabajando con todas las marcas.<\/span><\/li>\n<li style=\"text-align: left;\"><span style=\"font-family: 'Open Sans'; font-size: 12pt;\">Contamos con una gran cantidad de placas main, T-con, fuentes, inverter.<\/span><\/li>\n<li style=\"text-align: left;\"><span style=\"font-family: 'Open Sans'; font-size: 12pt;\">Trabajamos para todas las casas de electr\u00f3nica de la zona, compa\u00f1ias de seguro, etc.<\/span><\/li>\n<li style=\"text-align: left;\"><span style=\"font-family: 'Open Sans'; font-size: 12pt;\">Servicio T\u00e9cnico especializado Panasonic, Pioneer, Aiwa, LG, Samsung, Sanyo, Philips, noblex, TCL, Sony, RCA.<\/span><\/li>\n<li style=\"text-align: left;\"><span style=\"font-family: 'Open Sans'; font-size: 12pt;\">Repuestos Originales 100%. Trabajos con garant\u00eda.<\/span><\/li>\n<li style=\"text-align: left;\"><span style=\"font-family: 'Open Sans'; font-size: 12pt;\">Trabajos al gremio. Presupuestos sin cargo.<\/span><\/li>\n<li style=\"text-align: left;\"><span style=\"font-family: 'Open Sans'; font-size: 12pt;\">Contamos con el mayor laboratorio de electronica de la zona, con la m\u00e1s avanzada tecnolog\u00eda en herramientas de medici\u00f3n. Estaciones de soldado y desoldado. todas tra\u00eddas de EE.UU.<\/span><\/li>\n<li style=\"text-align: left;\"><span style=\"font-family: 'Open Sans'; font-size: 12pt;\">No pague de m\u00e1s con trabajos terciarizados!<\/span><\/li>\n<li style=\"text-align: left;\"><span style=\"font-family: 'Open Sans'; font-size: 12pt;\">Reparamos placas main, fuentes, modificamos software y firmware de equipos Smart.<\/span><\/li>\n<li style=\"text-align: left;\"><span style=\"font-family: 'Open Sans'; font-size: 12pt;\">Venta de equipos usados.<\/span><\/li>\n<\/ul>\n<\/div>\n<\/div><\/div><\/div><\/div><\/div><div id=\"pg-13-2\"  class=\"panel-grid panel-no-style\" ><div id=\"pgc-13-2-0\"  class=\"panel-grid-cell\" ><div id=\"panel-13-2-0-0\" class=\"so-panel widget widget_sow-editor panel-first-child panel-last-child\" data-index=\"2\" ><div class=\"so-widget-sow-editor so-widget-sow-editor-base\">\n<div class=\"siteorigin-widget-tinymce textwidget\">\n\t<p style=\"text-align: right;\"><span style=\"font-size: 14pt;\">Pod\u00e9s realizarnos cualquier consulta, sobre placas, reparaciones, <\/span><br \/>\n<span style=\"font-size: 14pt;\">o solicitarnos un presupuesto, <\/span><br \/>\n<span style=\"font-size: 14pt;\">\u00f3 comunic\u00e1ndote directamente a nuestro email,<\/span><br \/>\n<span style=\"font-size: 14pt;\">o a nuestro tel\u00e9fono\/ whatsapp.<\/span><br \/>\n<span style=\"font-size: 14pt;\">Trabajos al gremio y presupuestos sin cargo.<\/span><\/p>\n<\/div>\n<\/div><\/div><\/div><div id=\"pgc-13-2-1\"  class=\"panel-grid-cell\" ><div id=\"panel-13-2-1-0\" class=\"so-panel widget widget_sow-editor panel-first-child panel-last-child\" data-index=\"3\" ><div class=\"so-widget-sow-editor so-widget-sow-editor-base\">\n<div class=\"siteorigin-widget-tinymce textwidget\">\n\t<h2><span style=\"font-family: 'Open Sans'; line-height: 30px;\"><a href=\"mailto:maxi_electronic@hotmail.com\">email: maxi_electronic@hotmail.com<\/a><\/span><br \/>\n<span style=\"font-family: 'Open Sans'; line-height: 30px;\">tel.\/ whatsapp: +54 9 11 6579 6507<\/span><\/h2>\n<\/div>\n<\/div><\/div><\/div><\/div><\/div>","protected":false},"excerpt":{"rendered":"<p>Servicio T\u00e9cnico LCD, LED, Plasma, Proyectores, TV, Filmadoras, Monitores LCD\/ LED. M\u00e1s de 30 a\u00f1os de experiencia, trabajando con todas las marcas. Contamos con una gran cantidad de placas main, T-con, fuentes, inverter. Trabajamos para todas las casas de electr\u00f3nica de la zona, compa\u00f1ias de seguro, etc. Servicio T\u00e9cnico especializado Panasonic, Pioneer, Aiwa, LG, Samsung, [&hellip;]<\/p>\n","protected":false},"author":1,"featured_media":0,"parent":0,"menu_order":0,"comment_status":"closed","ping_status":"closed","template":"templates\/template-full.php","meta":[],"_links":{"self":[{"href":"https:\/\/reydeloslcd.com\/2020\/wp-json\/wp\/v2\/pages\/13"}],"collection":[{"href":"https:\/\/reydeloslcd.com\/2020\/wp-json\/wp\/v2\/pages"}],"about":[{"href":"https:\/\/reydeloslcd.com\/2020\/wp-json\/wp\/v2\/types\/page"}],"author":[{"embeddable":true,"href":"https:\/\/reydeloslcd.com\/2020\/wp-json\/wp\/v2\/users\/1"}],"replies":[{"embeddable":true,"href":"https:\/\/reydeloslcd.com\/2020\/wp-json\/wp\/v2\/comments?post=13"}],"version-history":[{"count":20,"href":"https:\/\/reydeloslcd.com\/2020\/wp-json\/wp\/v2\/pages\/13\/revisions"}],"predecessor-version":[{"id":191,"href":"https:\/\/reydeloslcd.com\/2020\/wp-json\/wp\/v2\/pages\/13\/revisions\/191"}],"wp:attachment":[{"href":"https:\/\/reydeloslcd.com\/2020\/wp-json\/wp\/v2\/media?parent=13"}],"curies":[{"name":"wp","href":"https:\/\/api.w.org\/{rel}","templated":true}]}}